{"id":12482,"date":"2026-02-23T10:39:28","date_gmt":"2026-02-23T09:39:28","guid":{"rendered":"https:\/\/new-vintages.de\/shop\/produkt\/wall-mounted-rounded-bedside\/"},"modified":"2026-02-23T11:57:07","modified_gmt":"2026-02-23T10:57:07","slug":"wall-mounted-rounded-bedside","status":"publish","type":"product","link":"https:\/\/new-vintages.de\/shop\/produkt\/wall-mounted-rounded-bedside\/","title":{"rendered":"Wandmontierter, abgerundeter Nachttisch"},"content":{"rendered":"<p>Dieser wandmontierte Nachttisch ist aus 100 % massivem Mangoholz gefertigt und in Eichenoptik gehalten. Sein einzigartiges Design mit abgerundeten Kanten macht ihn zum idealen Begleiter f\u00fcr unterwegs. Er l\u00e4sst sich ohne F\u00fc\u00dfe einfach an der Wand befestigen. Eine Schublade bietet Platz f\u00fcr Kleinigkeiten, die Sie vor dem Schlafengehen griffbereit haben m\u00f6chten.<\/p>\n","protected":false},"excerpt":{"rendered":"<p>Dieser wandmontierte Nachttisch ist aus 100 % massivem Mangoholz gefertigt und in Eichenoptik gehalten. Sein einzigartiges Design mit abgerundeten Kanten macht ihn zum idealen Begleiter f\u00fcr unterwegs. Er l\u00e4sst sich ohne F\u00fc\u00dfe einfach an der Wand befestigen. Eine Schublade bietet Platz f\u00fcr Kleinigkeiten, die Sie vor dem Schlafengehen griffbereit haben m\u00f6chten.<\/p>\n","protected":false},"featured_media":10447,"comment_status":"closed","ping_status":"open","template":"","meta":[],"product_brand":[],"product_cat":[151],"product_tag":[],"class_list":{"0":"post-12482","1":"product","2":"type-product","3":"status-publish","4":"has-post-thumbnail","6":"product_cat-einzelanfertigung","8":"first","9":"instock","10":"shipping-taxable","11":"purchasable","12":"product-type-simple"},"_links":{"self":[{"href":"https:\/\/new-vintages.de\/shop\/wp-json\/wp\/v2\/product\/12482","targetHints":{"allow":["GET"]}}],"collection":[{"href":"https:\/\/new-vintages.de\/shop\/wp-json\/wp\/v2\/product"}],"about":[{"href":"https:\/\/new-vintages.de\/shop\/wp-json\/wp\/v2\/types\/product"}],"replies":[{"embeddable":true,"href":"https:\/\/new-vintages.de\/shop\/wp-json\/wp\/v2\/comments?post=12482"}],"wp:featuredmedia":[{"embeddable":true,"href":"https:\/\/new-vintages.de\/shop\/wp-json\/wp\/v2\/media\/10447"}],"wp:attachment":[{"href":"https:\/\/new-vintages.de\/shop\/wp-json\/wp\/v2\/media?parent=12482"}],"wp:term":[{"taxonomy":"product_brand","embeddable":true,"href":"https:\/\/new-vintages.de\/shop\/wp-json\/wp\/v2\/product_brand?post=12482"},{"taxonomy":"product_cat","embeddable":true,"href":"https:\/\/new-vintages.de\/shop\/wp-json\/wp\/v2\/product_cat?post=12482"},{"taxonomy":"product_tag","embeddable":true,"href":"https:\/\/new-vintages.de\/shop\/wp-json\/wp\/v2\/product_tag?post=12482"}],"curies":[{"name":"wp","href":"https:\/\/api.w.org\/{rel}","templated":true}]}}