{"id":12483,"date":"2026-02-23T10:39:28","date_gmt":"2026-02-23T09:39:28","guid":{"rendered":"https:\/\/new-vintages.de\/shop\/produkt\/floating-chestnut-open-console\/"},"modified":"2026-02-23T11:57:08","modified_gmt":"2026-02-23T10:57:08","slug":"floating-chestnut-open-console","status":"publish","type":"product","link":"https:\/\/new-vintages.de\/shop\/produkt\/floating-chestnut-open-console\/","title":{"rendered":"Floating Chestnut Open Console"},"content":{"rendered":"<p>Dieser geschwungene, wandmontierte Konsolentisch ist die perfekte L\u00f6sung, um Platz zu sparen und st\u00f6rende Tischbeine zu vermeiden. Er ist aus 100 % massivem Mangoholz gefertigt, hat eine kastanienbraune Oberfl\u00e4che und bietet mit zwei Schubladen und einem gro\u00dfen offenen Fach viel Stauraum. Er kann einzeln oder in Kombination mit den anderen M\u00f6beln der geschwungenen Kastanienholz-Kollektion verwendet werden.<\/p>\n","protected":false},"excerpt":{"rendered":"<p>Dieser geschwungene, wandmontierte Konsolentisch ist die perfekte L\u00f6sung, um Platz zu sparen und st\u00f6rende Tischbeine zu vermeiden. Er ist aus 100 % massivem Mangoholz gefertigt, hat eine kastanienbraune Oberfl\u00e4che und bietet mit zwei Schubladen und einem gro\u00dfen offenen Fach viel Stauraum. Er kann einzeln oder in Kombination mit den anderen M\u00f6beln der geschwungenen Kastanienholz-Kollektion verwendet [&hellip;]<\/p>\n","protected":false},"featured_media":10463,"comment_status":"closed","ping_status":"open","template":"","meta":[],"product_brand":[],"product_cat":[151],"product_tag":[],"class_list":{"0":"post-12483","1":"product","2":"type-product","3":"status-publish","4":"has-post-thumbnail","6":"product_cat-einzelanfertigung","8":"first","9":"instock","10":"shipping-taxable","11":"purchasable","12":"product-type-simple"},"_links":{"self":[{"href":"https:\/\/new-vintages.de\/shop\/wp-json\/wp\/v2\/product\/12483","targetHints":{"allow":["GET"]}}],"collection":[{"href":"https:\/\/new-vintages.de\/shop\/wp-json\/wp\/v2\/product"}],"about":[{"href":"https:\/\/new-vintages.de\/shop\/wp-json\/wp\/v2\/types\/product"}],"replies":[{"embeddable":true,"href":"https:\/\/new-vintages.de\/shop\/wp-json\/wp\/v2\/comments?post=12483"}],"wp:featuredmedia":[{"embeddable":true,"href":"https:\/\/new-vintages.de\/shop\/wp-json\/wp\/v2\/media\/10463"}],"wp:attachment":[{"href":"https:\/\/new-vintages.de\/shop\/wp-json\/wp\/v2\/media?parent=12483"}],"wp:term":[{"taxonomy":"product_brand","embeddable":true,"href":"https:\/\/new-vintages.de\/shop\/wp-json\/wp\/v2\/product_brand?post=12483"},{"taxonomy":"product_cat","embeddable":true,"href":"https:\/\/new-vintages.de\/shop\/wp-json\/wp\/v2\/product_cat?post=12483"},{"taxonomy":"product_tag","embeddable":true,"href":"https:\/\/new-vintages.de\/shop\/wp-json\/wp\/v2\/product_tag?post=12483"}],"curies":[{"name":"wp","href":"https:\/\/api.w.org\/{rel}","templated":true}]}}