{"id":12484,"date":"2026-02-23T10:39:30","date_gmt":"2026-02-23T09:39:30","guid":{"rendered":"https:\/\/new-vintages.de\/shop\/produkt\/wall-mounted-round-chestnut-bedside\/"},"modified":"2026-02-23T11:57:08","modified_gmt":"2026-02-23T10:57:08","slug":"wall-mounted-round-chestnut-bedside","status":"publish","type":"product","link":"https:\/\/new-vintages.de\/shop\/produkt\/wall-mounted-round-chestnut-bedside\/","title":{"rendered":"Runder Wand-Nachttisch aus Kastanienholz"},"content":{"rendered":"<p>Dieses minimalistische Wandm\u00f6belst\u00fcck ist aus 100 % massivem Mangoholz gefertigt und in Kastanienbraun gehalten. Es verf\u00fcgt \u00fcber eine runde Schublade mit einem gl\u00e4nzenden Griff. Ideal zur Aufbewahrung von Kleinigkeiten, die Sie vor dem Schlafengehen griffbereit haben m\u00f6chten. Dank seines schlichten Designs l\u00e4sst es sich ohne F\u00fc\u00dfe einfach an der Wand montieren. Achtung! Nicht auf dem M\u00f6belst\u00fcck sitzen.<\/p>\n","protected":false},"excerpt":{"rendered":"<p>Dieses minimalistische Wandm\u00f6belst\u00fcck ist aus 100 % massivem Mangoholz gefertigt und in Kastanienbraun gehalten. Es verf\u00fcgt \u00fcber eine runde Schublade mit einem gl\u00e4nzenden Griff. Ideal zur Aufbewahrung von Kleinigkeiten, die Sie vor dem Schlafengehen griffbereit haben m\u00f6chten. Dank seines schlichten Designs l\u00e4sst es sich ohne F\u00fc\u00dfe einfach an der Wand montieren. Achtung! Nicht auf dem [&hellip;]<\/p>\n","protected":false},"featured_media":5200,"comment_status":"closed","ping_status":"open","template":"","meta":[],"product_brand":[],"product_cat":[151],"product_tag":[],"class_list":{"0":"post-12484","1":"product","2":"type-product","3":"status-publish","4":"has-post-thumbnail","6":"product_cat-einzelanfertigung","8":"first","9":"instock","10":"shipping-taxable","11":"purchasable","12":"product-type-simple"},"_links":{"self":[{"href":"https:\/\/new-vintages.de\/shop\/wp-json\/wp\/v2\/product\/12484","targetHints":{"allow":["GET"]}}],"collection":[{"href":"https:\/\/new-vintages.de\/shop\/wp-json\/wp\/v2\/product"}],"about":[{"href":"https:\/\/new-vintages.de\/shop\/wp-json\/wp\/v2\/types\/product"}],"replies":[{"embeddable":true,"href":"https:\/\/new-vintages.de\/shop\/wp-json\/wp\/v2\/comments?post=12484"}],"wp:featuredmedia":[{"embeddable":true,"href":"https:\/\/new-vintages.de\/shop\/wp-json\/wp\/v2\/media\/5200"}],"wp:attachment":[{"href":"https:\/\/new-vintages.de\/shop\/wp-json\/wp\/v2\/media?parent=12484"}],"wp:term":[{"taxonomy":"product_brand","embeddable":true,"href":"https:\/\/new-vintages.de\/shop\/wp-json\/wp\/v2\/product_brand?post=12484"},{"taxonomy":"product_cat","embeddable":true,"href":"https:\/\/new-vintages.de\/shop\/wp-json\/wp\/v2\/product_cat?post=12484"},{"taxonomy":"product_tag","embeddable":true,"href":"https:\/\/new-vintages.de\/shop\/wp-json\/wp\/v2\/product_tag?post=12484"}],"curies":[{"name":"wp","href":"https:\/\/api.w.org\/{rel}","templated":true}]}}