{"id":12488,"date":"2026-02-23T10:39:44","date_gmt":"2026-02-23T09:39:44","guid":{"rendered":"https:\/\/new-vintages.de\/shop\/produkt\/manila-gold-sideboard\/"},"modified":"2026-02-23T11:57:13","modified_gmt":"2026-02-23T10:57:13","slug":"manila-gold-sideboard","status":"publish","type":"product","link":"https:\/\/new-vintages.de\/shop\/produkt\/manila-gold-sideboard\/","title":{"rendered":"Manila Gold Sideboard"},"content":{"rendered":"<p>Dieses Manila Sideboard wurde entworfen, um Ihrem Zuhause einen Hauch von Eleganz und Charme zu verleihen. Es verf\u00fcgt \u00fcber einen messingbeschichteten Korpus und drei Schubladen sowie F\u00fc\u00dfe mit Messingkappen im nordischen Stil. Gefertigt aus 100 % massivem Mangoholz in einem satten Kastanienbraun, bietet es ausziehbare Griffe und eine Ablagefl\u00e4che, die Ihr Wohnzimmer oder Ihren Flur aufwertet.<\/p>\n","protected":false},"excerpt":{"rendered":"<p>Dieses Manila Sideboard wurde entworfen, um Ihrem Zuhause einen Hauch von Eleganz und Charme zu verleihen. Es verf\u00fcgt \u00fcber einen messingbeschichteten Korpus und drei Schubladen sowie F\u00fc\u00dfe mit Messingkappen im nordischen Stil. Gefertigt aus 100 % massivem Mangoholz in einem satten Kastanienbraun, bietet es ausziehbare Griffe und eine Ablagefl\u00e4che, die Ihr Wohnzimmer oder Ihren Flur [&hellip;]<\/p>\n","protected":false},"featured_media":10515,"comment_status":"closed","ping_status":"open","template":"","meta":[],"product_brand":[],"product_cat":[151],"product_tag":[],"class_list":{"0":"post-12488","1":"product","2":"type-product","3":"status-publish","4":"has-post-thumbnail","6":"product_cat-einzelanfertigung","8":"first","9":"instock","10":"shipping-taxable","11":"purchasable","12":"product-type-simple"},"_links":{"self":[{"href":"https:\/\/new-vintages.de\/shop\/wp-json\/wp\/v2\/product\/12488","targetHints":{"allow":["GET"]}}],"collection":[{"href":"https:\/\/new-vintages.de\/shop\/wp-json\/wp\/v2\/product"}],"about":[{"href":"https:\/\/new-vintages.de\/shop\/wp-json\/wp\/v2\/types\/product"}],"replies":[{"embeddable":true,"href":"https:\/\/new-vintages.de\/shop\/wp-json\/wp\/v2\/comments?post=12488"}],"wp:featuredmedia":[{"embeddable":true,"href":"https:\/\/new-vintages.de\/shop\/wp-json\/wp\/v2\/media\/10515"}],"wp:attachment":[{"href":"https:\/\/new-vintages.de\/shop\/wp-json\/wp\/v2\/media?parent=12488"}],"wp:term":[{"taxonomy":"product_brand","embeddable":true,"href":"https:\/\/new-vintages.de\/shop\/wp-json\/wp\/v2\/product_brand?post=12488"},{"taxonomy":"product_cat","embeddable":true,"href":"https:\/\/new-vintages.de\/shop\/wp-json\/wp\/v2\/product_cat?post=12488"},{"taxonomy":"product_tag","embeddable":true,"href":"https:\/\/new-vintages.de\/shop\/wp-json\/wp\/v2\/product_tag?post=12488"}],"curies":[{"name":"wp","href":"https:\/\/api.w.org\/{rel}","templated":true}]}}