{"id":12502,"date":"2026-02-23T10:40:36","date_gmt":"2026-02-23T09:40:36","guid":{"rendered":"https:\/\/new-vintages.de\/shop\/produkt\/mini-oak-ish-curved-bedside\/"},"modified":"2026-02-23T11:57:31","modified_gmt":"2026-02-23T10:57:31","slug":"mini-oak-ish-curved-bedside","status":"publish","type":"product","link":"https:\/\/new-vintages.de\/shop\/produkt\/mini-oak-ish-curved-bedside\/","title":{"rendered":"Mini-Nachttisch in Eichenoptik, gebogen"},"content":{"rendered":"<p>Die Mini-Version unseres beliebten IN308: Dieser kleine, aber praktische Nachttisch bietet Platz f\u00fcr Snacks, Getr\u00e4nke oder eine Lampe. Er ist in jedem Raum Ihres Zuhauses praktisch und aus 100 % massivem Mangoholz mit edler Eichenoptik gefertigt. Seine geschwungenen Kanten f\u00fcgen sich harmonisch in jedes Wohnambiente ein. Er verf\u00fcgt \u00fcber zwei Schubladen mit gl\u00e4nzenden Griffen und vier Beine im skandinavischen Stil. Dieser zierliche Nachttisch ist Teil der Recession Collection.<\/p>\n","protected":false},"excerpt":{"rendered":"<p>Die Mini-Version unseres beliebten IN308: Dieser kleine, aber praktische Nachttisch bietet Platz f\u00fcr Snacks, Getr\u00e4nke oder eine Lampe. Er ist in jedem Raum Ihres Zuhauses praktisch und aus 100 % massivem Mangoholz mit edler Eichenoptik gefertigt. Seine geschwungenen Kanten f\u00fcgen sich harmonisch in jedes Wohnambiente ein. Er verf\u00fcgt \u00fcber zwei Schubladen mit gl\u00e4nzenden Griffen und [&hellip;]<\/p>\n","protected":false},"featured_media":10589,"comment_status":"closed","ping_status":"open","template":"","meta":[],"product_brand":[],"product_cat":[151],"product_tag":[],"class_list":{"0":"post-12502","1":"product","2":"type-product","3":"status-publish","4":"has-post-thumbnail","6":"product_cat-einzelanfertigung","8":"first","9":"instock","10":"shipping-taxable","11":"purchasable","12":"product-type-simple"},"_links":{"self":[{"href":"https:\/\/new-vintages.de\/shop\/wp-json\/wp\/v2\/product\/12502","targetHints":{"allow":["GET"]}}],"collection":[{"href":"https:\/\/new-vintages.de\/shop\/wp-json\/wp\/v2\/product"}],"about":[{"href":"https:\/\/new-vintages.de\/shop\/wp-json\/wp\/v2\/types\/product"}],"replies":[{"embeddable":true,"href":"https:\/\/new-vintages.de\/shop\/wp-json\/wp\/v2\/comments?post=12502"}],"wp:featuredmedia":[{"embeddable":true,"href":"https:\/\/new-vintages.de\/shop\/wp-json\/wp\/v2\/media\/10589"}],"wp:attachment":[{"href":"https:\/\/new-vintages.de\/shop\/wp-json\/wp\/v2\/media?parent=12502"}],"wp:term":[{"taxonomy":"product_brand","embeddable":true,"href":"https:\/\/new-vintages.de\/shop\/wp-json\/wp\/v2\/product_brand?post=12502"},{"taxonomy":"product_cat","embeddable":true,"href":"https:\/\/new-vintages.de\/shop\/wp-json\/wp\/v2\/product_cat?post=12502"},{"taxonomy":"product_tag","embeddable":true,"href":"https:\/\/new-vintages.de\/shop\/wp-json\/wp\/v2\/product_tag?post=12502"}],"curies":[{"name":"wp","href":"https:\/\/api.w.org\/{rel}","templated":true}]}}