{"id":12507,"date":"2026-02-23T10:40:38","date_gmt":"2026-02-23T09:40:38","guid":{"rendered":"https:\/\/new-vintages.de\/shop\/produkt\/mini-curved-oak-ish-console-table\/"},"modified":"2026-02-23T11:57:32","modified_gmt":"2026-02-23T10:57:32","slug":"mini-curved-oak-ish-console-table","status":"publish","type":"product","link":"https:\/\/new-vintages.de\/shop\/produkt\/mini-curved-oak-ish-console-table\/","title":{"rendered":"Mini-Konsolentisch, gebogen, eichenfarben"},"content":{"rendered":"<p>Dieser schlichte und elegante Mini-Konsolentisch mit seinen wundersch\u00f6n geschwungenen Kanten f\u00fcgt sich perfekt in jedes Zuhause ein und passt zu den meisten Einrichtungsstilen. Das M\u00f6belst\u00fcck aus 100 % massivem Mangoholz stammt aus nachhaltiger Forstwirtschaft und verf\u00fcgt \u00fcber zwei Schubladen und ein offenes Fach, um Ordnung zu schaffen und kleine Haushaltsgegenst\u00e4nde zu verstauen. Gl\u00e4nzende Griffe und eine edle Eichenoptik runden das Design ab. Die vier Beine im skandinavischen Stil verleihen dem Tisch eine elegante Note. Dieses zierliche Modell ist Teil der Recession Collection.<\/p>\n","protected":false},"excerpt":{"rendered":"<p>Dieser schlichte und elegante Mini-Konsolentisch mit seinen wundersch\u00f6n geschwungenen Kanten f\u00fcgt sich perfekt in jedes Zuhause ein und passt zu den meisten Einrichtungsstilen. Das M\u00f6belst\u00fcck aus 100 % massivem Mangoholz stammt aus nachhaltiger Forstwirtschaft und verf\u00fcgt \u00fcber zwei Schubladen und ein offenes Fach, um Ordnung zu schaffen und kleine Haushaltsgegenst\u00e4nde zu verstauen. Gl\u00e4nzende Griffe und [&hellip;]<\/p>\n","protected":false},"featured_media":10607,"comment_status":"closed","ping_status":"open","template":"","meta":[],"product_brand":[],"product_cat":[151],"product_tag":[],"class_list":{"0":"post-12507","1":"product","2":"type-product","3":"status-publish","4":"has-post-thumbnail","6":"product_cat-einzelanfertigung","8":"first","9":"instock","10":"shipping-taxable","11":"purchasable","12":"product-type-simple"},"_links":{"self":[{"href":"https:\/\/new-vintages.de\/shop\/wp-json\/wp\/v2\/product\/12507","targetHints":{"allow":["GET"]}}],"collection":[{"href":"https:\/\/new-vintages.de\/shop\/wp-json\/wp\/v2\/product"}],"about":[{"href":"https:\/\/new-vintages.de\/shop\/wp-json\/wp\/v2\/types\/product"}],"replies":[{"embeddable":true,"href":"https:\/\/new-vintages.de\/shop\/wp-json\/wp\/v2\/comments?post=12507"}],"wp:featuredmedia":[{"embeddable":true,"href":"https:\/\/new-vintages.de\/shop\/wp-json\/wp\/v2\/media\/10607"}],"wp:attachment":[{"href":"https:\/\/new-vintages.de\/shop\/wp-json\/wp\/v2\/media?parent=12507"}],"wp:term":[{"taxonomy":"product_brand","embeddable":true,"href":"https:\/\/new-vintages.de\/shop\/wp-json\/wp\/v2\/product_brand?post=12507"},{"taxonomy":"product_cat","embeddable":true,"href":"https:\/\/new-vintages.de\/shop\/wp-json\/wp\/v2\/product_cat?post=12507"},{"taxonomy":"product_tag","embeddable":true,"href":"https:\/\/new-vintages.de\/shop\/wp-json\/wp\/v2\/product_tag?post=12507"}],"curies":[{"name":"wp","href":"https:\/\/api.w.org\/{rel}","templated":true}]}}