{"id":12512,"date":"2026-02-23T10:40:40","date_gmt":"2026-02-23T09:40:40","guid":{"rendered":"https:\/\/new-vintages.de\/shop\/produkt\/mini-classic-chestnut-bedside\/"},"modified":"2026-02-23T11:57:32","modified_gmt":"2026-02-23T10:57:32","slug":"mini-classic-chestnut-bedside","status":"publish","type":"product","link":"https:\/\/new-vintages.de\/shop\/produkt\/mini-classic-chestnut-bedside\/","title":{"rendered":"Mini Classic Chestnut Nachttisch"},"content":{"rendered":"<p>Mit unserem Mini Classic Chestnut Nachttisch vereinen Sie m\u00fchelos Mid-Century- und Art-d\u00e9co-Stil. Er ist aus 100 % massivem Mangoholz gefertigt und besticht durch sein elegantes Design, das durch gl\u00e4nzende Messingkn\u00f6pfe und Beine im nordischen Stil perfekt erg\u00e4nzt wird. Ein ideales M\u00f6belst\u00fcck, das sowohl einzeln als auch in Kombination mit anderen Stilen und Oberfl\u00e4chen zur Geltung kommt.<\/p>\n","protected":false},"excerpt":{"rendered":"<p>Mit unserem Mini Classic Chestnut Nachttisch vereinen Sie m\u00fchelos Mid-Century- und Art-d\u00e9co-Stil. Er ist aus 100 % massivem Mangoholz gefertigt und besticht durch sein elegantes Design, das durch gl\u00e4nzende Messingkn\u00f6pfe und Beine im nordischen Stil perfekt erg\u00e4nzt wird. Ein ideales M\u00f6belst\u00fcck, das sowohl einzeln als auch in Kombination mit anderen Stilen und Oberfl\u00e4chen zur Geltung [&hellip;]<\/p>\n","protected":false},"featured_media":10640,"comment_status":"closed","ping_status":"open","template":"","meta":[],"product_brand":[],"product_cat":[151],"product_tag":[],"class_list":{"0":"post-12512","1":"product","2":"type-product","3":"status-publish","4":"has-post-thumbnail","6":"product_cat-einzelanfertigung","8":"first","9":"instock","10":"shipping-taxable","11":"purchasable","12":"product-type-simple"},"_links":{"self":[{"href":"https:\/\/new-vintages.de\/shop\/wp-json\/wp\/v2\/product\/12512","targetHints":{"allow":["GET"]}}],"collection":[{"href":"https:\/\/new-vintages.de\/shop\/wp-json\/wp\/v2\/product"}],"about":[{"href":"https:\/\/new-vintages.de\/shop\/wp-json\/wp\/v2\/types\/product"}],"replies":[{"embeddable":true,"href":"https:\/\/new-vintages.de\/shop\/wp-json\/wp\/v2\/comments?post=12512"}],"wp:featuredmedia":[{"embeddable":true,"href":"https:\/\/new-vintages.de\/shop\/wp-json\/wp\/v2\/media\/10640"}],"wp:attachment":[{"href":"https:\/\/new-vintages.de\/shop\/wp-json\/wp\/v2\/media?parent=12512"}],"wp:term":[{"taxonomy":"product_brand","embeddable":true,"href":"https:\/\/new-vintages.de\/shop\/wp-json\/wp\/v2\/product_brand?post=12512"},{"taxonomy":"product_cat","embeddable":true,"href":"https:\/\/new-vintages.de\/shop\/wp-json\/wp\/v2\/product_cat?post=12512"},{"taxonomy":"product_tag","embeddable":true,"href":"https:\/\/new-vintages.de\/shop\/wp-json\/wp\/v2\/product_tag?post=12512"}],"curies":[{"name":"wp","href":"https:\/\/api.w.org\/{rel}","templated":true}]}}