{"id":12513,"date":"2026-02-23T10:40:40","date_gmt":"2026-02-23T09:40:40","guid":{"rendered":"https:\/\/new-vintages.de\/shop\/produkt\/mini-grey-wash-curve-open-bedside\/"},"modified":"2026-02-23T11:57:32","modified_gmt":"2026-02-23T10:57:32","slug":"mini-grey-wash-curve-open-bedside","status":"publish","type":"product","link":"https:\/\/new-vintages.de\/shop\/produkt\/mini-grey-wash-curve-open-bedside\/","title":{"rendered":"Mini Grey Wash Curve Open Bedside"},"content":{"rendered":"<p>Diese kleine, aber praktische Mini-Version unserer beliebten geschwungenen Nachttische bietet Platz f\u00fcr Snacks, Getr\u00e4nke oder eine Lampe. Er ist ein praktischer Helfer in jedem Zuhause und besteht aus 100 % massivem Mangoholz mit einer sch\u00f6nen, grau gewaschenen Oberfl\u00e4che. Die geschwungenen Kanten f\u00fcgen sich harmonisch in jedes Wohnambiente ein. Der Nachttisch verf\u00fcgt \u00fcber eine Schublade mit einem gl\u00e4nzenden Messinggriff und vier Beine im skandinavischen Stil. Dieses zierliche Produkt ist Teil der Recession Collection.<\/p>\n","protected":false},"excerpt":{"rendered":"<p>Diese kleine, aber praktische Mini-Version unserer beliebten geschwungenen Nachttische bietet Platz f\u00fcr Snacks, Getr\u00e4nke oder eine Lampe. Er ist ein praktischer Helfer in jedem Zuhause und besteht aus 100 % massivem Mangoholz mit einer sch\u00f6nen, grau gewaschenen Oberfl\u00e4che. Die geschwungenen Kanten f\u00fcgen sich harmonisch in jedes Wohnambiente ein. Der Nachttisch verf\u00fcgt \u00fcber eine Schublade mit [&hellip;]<\/p>\n","protected":false},"featured_media":10655,"comment_status":"closed","ping_status":"open","template":"","meta":[],"product_brand":[],"product_cat":[151],"product_tag":[],"class_list":{"0":"post-12513","1":"product","2":"type-product","3":"status-publish","4":"has-post-thumbnail","6":"product_cat-einzelanfertigung","8":"first","9":"instock","10":"shipping-taxable","11":"purchasable","12":"product-type-simple"},"_links":{"self":[{"href":"https:\/\/new-vintages.de\/shop\/wp-json\/wp\/v2\/product\/12513","targetHints":{"allow":["GET"]}}],"collection":[{"href":"https:\/\/new-vintages.de\/shop\/wp-json\/wp\/v2\/product"}],"about":[{"href":"https:\/\/new-vintages.de\/shop\/wp-json\/wp\/v2\/types\/product"}],"replies":[{"embeddable":true,"href":"https:\/\/new-vintages.de\/shop\/wp-json\/wp\/v2\/comments?post=12513"}],"wp:featuredmedia":[{"embeddable":true,"href":"https:\/\/new-vintages.de\/shop\/wp-json\/wp\/v2\/media\/10655"}],"wp:attachment":[{"href":"https:\/\/new-vintages.de\/shop\/wp-json\/wp\/v2\/media?parent=12513"}],"wp:term":[{"taxonomy":"product_brand","embeddable":true,"href":"https:\/\/new-vintages.de\/shop\/wp-json\/wp\/v2\/product_brand?post=12513"},{"taxonomy":"product_cat","embeddable":true,"href":"https:\/\/new-vintages.de\/shop\/wp-json\/wp\/v2\/product_cat?post=12513"},{"taxonomy":"product_tag","embeddable":true,"href":"https:\/\/new-vintages.de\/shop\/wp-json\/wp\/v2\/product_tag?post=12513"}],"curies":[{"name":"wp","href":"https:\/\/api.w.org\/{rel}","templated":true}]}}