{"id":12515,"date":"2026-02-23T10:40:40","date_gmt":"2026-02-23T09:40:40","guid":{"rendered":"https:\/\/new-vintages.de\/shop\/produkt\/mini-grey-wash-curved-console\/"},"modified":"2026-02-23T11:57:32","modified_gmt":"2026-02-23T10:57:32","slug":"mini-grey-wash-curved-console","status":"publish","type":"product","link":"https:\/\/new-vintages.de\/shop\/produkt\/mini-grey-wash-curved-console\/","title":{"rendered":"Mini-Konsole, grau gewaschen, gebogen"},"content":{"rendered":"<p>Dieser schlichte und elegante Mini-Konsolentisch mit seinen wundersch\u00f6n geschwungenen Kanten f\u00fcgt sich perfekt in jedes Zuhause ein und passt zu den meisten Einrichtungsstilen. Das M\u00f6belst\u00fcck aus 100 % massivem Mangoholz stammt aus nachhaltiger Forstwirtschaft und verf\u00fcgt \u00fcber zwei Schubladen und ein offenes Fach, um Ordnung zu schaffen und kleine Haushaltsgegenst\u00e4nde zu verstauen. Gl\u00e4nzende Griffe, eine feine graue Waschung und vier Beine im skandinavischen Stil runden das Design ab. Dieses zierliche M\u00f6belst\u00fcck ist Teil der Recession Collection.<\/p>\n","protected":false},"excerpt":{"rendered":"<p>Dieser schlichte und elegante Mini-Konsolentisch mit seinen wundersch\u00f6n geschwungenen Kanten f\u00fcgt sich perfekt in jedes Zuhause ein und passt zu den meisten Einrichtungsstilen. Das M\u00f6belst\u00fcck aus 100 % massivem Mangoholz stammt aus nachhaltiger Forstwirtschaft und verf\u00fcgt \u00fcber zwei Schubladen und ein offenes Fach, um Ordnung zu schaffen und kleine Haushaltsgegenst\u00e4nde zu verstauen. Gl\u00e4nzende Griffe, eine [&hellip;]<\/p>\n","protected":false},"featured_media":10670,"comment_status":"closed","ping_status":"open","template":"","meta":[],"product_brand":[],"product_cat":[151],"product_tag":[],"class_list":{"0":"post-12515","1":"product","2":"type-product","3":"status-publish","4":"has-post-thumbnail","6":"product_cat-einzelanfertigung","8":"first","9":"instock","10":"shipping-taxable","11":"purchasable","12":"product-type-simple"},"_links":{"self":[{"href":"https:\/\/new-vintages.de\/shop\/wp-json\/wp\/v2\/product\/12515","targetHints":{"allow":["GET"]}}],"collection":[{"href":"https:\/\/new-vintages.de\/shop\/wp-json\/wp\/v2\/product"}],"about":[{"href":"https:\/\/new-vintages.de\/shop\/wp-json\/wp\/v2\/types\/product"}],"replies":[{"embeddable":true,"href":"https:\/\/new-vintages.de\/shop\/wp-json\/wp\/v2\/comments?post=12515"}],"wp:featuredmedia":[{"embeddable":true,"href":"https:\/\/new-vintages.de\/shop\/wp-json\/wp\/v2\/media\/10670"}],"wp:attachment":[{"href":"https:\/\/new-vintages.de\/shop\/wp-json\/wp\/v2\/media?parent=12515"}],"wp:term":[{"taxonomy":"product_brand","embeddable":true,"href":"https:\/\/new-vintages.de\/shop\/wp-json\/wp\/v2\/product_brand?post=12515"},{"taxonomy":"product_cat","embeddable":true,"href":"https:\/\/new-vintages.de\/shop\/wp-json\/wp\/v2\/product_cat?post=12515"},{"taxonomy":"product_tag","embeddable":true,"href":"https:\/\/new-vintages.de\/shop\/wp-json\/wp\/v2\/product_tag?post=12515"}],"curies":[{"name":"wp","href":"https:\/\/api.w.org\/{rel}","templated":true}]}}