{"id":12519,"date":"2026-02-23T10:40:40","date_gmt":"2026-02-23T09:40:40","guid":{"rendered":"https:\/\/new-vintages.de\/shop\/produkt\/mini-manila-gold-1-drawer-bedside\/"},"modified":"2026-02-23T11:57:32","modified_gmt":"2026-02-23T10:57:32","slug":"mini-manila-gold-1-drawer-bedside","status":"publish","type":"product","link":"https:\/\/new-vintages.de\/shop\/produkt\/mini-manila-gold-1-drawer-bedside\/","title":{"rendered":"Mini Manila Gold Nachttisch mit 1 Schublade"},"content":{"rendered":"<p>Dieser Mini Manila Gold Nachttisch in Kastanienbraun verleiht Ihrem Schlafzimmer Klasse und Eleganz. Mit einer messingbeschichteten Schublade in Form eines Sonnenaufgangs und einem offenen Fach besticht dieses M\u00f6belst\u00fcck durch seine edle Kastanien-Optik, Beine im nordischen Stil und einen ausziehbaren Griff. Die Ablagefl\u00e4che bietet zus\u00e4tzlichen Stauraum und wertet Ihr Schlafzimmer optisch auf. Dieses zierliche Produkt ist Teil der Recession Collection.<\/p>\n","protected":false},"excerpt":{"rendered":"<p>Dieser Mini Manila Gold Nachttisch in Kastanienbraun verleiht Ihrem Schlafzimmer Klasse und Eleganz. Mit einer messingbeschichteten Schublade in Form eines Sonnenaufgangs und einem offenen Fach besticht dieses M\u00f6belst\u00fcck durch seine edle Kastanien-Optik, Beine im nordischen Stil und einen ausziehbaren Griff. Die Ablagefl\u00e4che bietet zus\u00e4tzlichen Stauraum und wertet Ihr Schlafzimmer optisch auf. Dieses zierliche Produkt ist [&hellip;]<\/p>\n","protected":false},"featured_media":5665,"comment_status":"closed","ping_status":"open","template":"","meta":[],"product_brand":[],"product_cat":[151],"product_tag":[],"class_list":{"0":"post-12519","1":"product","2":"type-product","3":"status-publish","4":"has-post-thumbnail","6":"product_cat-einzelanfertigung","8":"first","9":"instock","10":"shipping-taxable","11":"purchasable","12":"product-type-simple"},"_links":{"self":[{"href":"https:\/\/new-vintages.de\/shop\/wp-json\/wp\/v2\/product\/12519","targetHints":{"allow":["GET"]}}],"collection":[{"href":"https:\/\/new-vintages.de\/shop\/wp-json\/wp\/v2\/product"}],"about":[{"href":"https:\/\/new-vintages.de\/shop\/wp-json\/wp\/v2\/types\/product"}],"replies":[{"embeddable":true,"href":"https:\/\/new-vintages.de\/shop\/wp-json\/wp\/v2\/comments?post=12519"}],"wp:featuredmedia":[{"embeddable":true,"href":"https:\/\/new-vintages.de\/shop\/wp-json\/wp\/v2\/media\/5665"}],"wp:attachment":[{"href":"https:\/\/new-vintages.de\/shop\/wp-json\/wp\/v2\/media?parent=12519"}],"wp:term":[{"taxonomy":"product_brand","embeddable":true,"href":"https:\/\/new-vintages.de\/shop\/wp-json\/wp\/v2\/product_brand?post=12519"},{"taxonomy":"product_cat","embeddable":true,"href":"https:\/\/new-vintages.de\/shop\/wp-json\/wp\/v2\/product_cat?post=12519"},{"taxonomy":"product_tag","embeddable":true,"href":"https:\/\/new-vintages.de\/shop\/wp-json\/wp\/v2\/product_tag?post=12519"}],"curies":[{"name":"wp","href":"https:\/\/api.w.org\/{rel}","templated":true}]}}