{"id":12523,"date":"2026-02-23T10:40:44","date_gmt":"2026-02-23T09:40:44","guid":{"rendered":"https:\/\/new-vintages.de\/shop\/produkt\/oak-ish-wave-coffee-table\/"},"modified":"2026-02-23T11:57:34","modified_gmt":"2026-02-23T10:57:34","slug":"oak-ish-wave-coffee-table","status":"publish","type":"product","link":"https:\/\/new-vintages.de\/shop\/produkt\/oak-ish-wave-coffee-table\/","title":{"rendered":"Couchtisch Wave in Eichenoptik"},"content":{"rendered":"<p>Dieser Couchtisch aus 100 % Mangoholz in Eichenoptik besticht durch sein einzigartiges Design mit abgerundeten Kanten. Er verf\u00fcgt \u00fcber ein offenes Fach und eine Schublade mit gl\u00e4nzendem Knauf sowie Beine im nordischen Stil. Eine tolle, schlichte Erg\u00e4nzung f\u00fcr jedes Schlafzimmer.<\/p>\n","protected":false},"excerpt":{"rendered":"<p>Dieser Couchtisch aus 100 % Mangoholz in Eichenoptik besticht durch sein einzigartiges Design mit abgerundeten Kanten. Er verf\u00fcgt \u00fcber ein offenes Fach und eine Schublade mit gl\u00e4nzendem Knauf sowie Beine im nordischen Stil. Eine tolle, schlichte Erg\u00e4nzung f\u00fcr jedes Schlafzimmer.<\/p>\n","protected":false},"featured_media":10707,"comment_status":"closed","ping_status":"open","template":"","meta":[],"product_brand":[],"product_cat":[151],"product_tag":[],"class_list":{"0":"post-12523","1":"product","2":"type-product","3":"status-publish","4":"has-post-thumbnail","6":"product_cat-einzelanfertigung","8":"first","9":"instock","10":"shipping-taxable","11":"purchasable","12":"product-type-simple"},"_links":{"self":[{"href":"https:\/\/new-vintages.de\/shop\/wp-json\/wp\/v2\/product\/12523","targetHints":{"allow":["GET"]}}],"collection":[{"href":"https:\/\/new-vintages.de\/shop\/wp-json\/wp\/v2\/product"}],"about":[{"href":"https:\/\/new-vintages.de\/shop\/wp-json\/wp\/v2\/types\/product"}],"replies":[{"embeddable":true,"href":"https:\/\/new-vintages.de\/shop\/wp-json\/wp\/v2\/comments?post=12523"}],"wp:featuredmedia":[{"embeddable":true,"href":"https:\/\/new-vintages.de\/shop\/wp-json\/wp\/v2\/media\/10707"}],"wp:attachment":[{"href":"https:\/\/new-vintages.de\/shop\/wp-json\/wp\/v2\/media?parent=12523"}],"wp:term":[{"taxonomy":"product_brand","embeddable":true,"href":"https:\/\/new-vintages.de\/shop\/wp-json\/wp\/v2\/product_brand?post=12523"},{"taxonomy":"product_cat","embeddable":true,"href":"https:\/\/new-vintages.de\/shop\/wp-json\/wp\/v2\/product_cat?post=12523"},{"taxonomy":"product_tag","embeddable":true,"href":"https:\/\/new-vintages.de\/shop\/wp-json\/wp\/v2\/product_tag?post=12523"}],"curies":[{"name":"wp","href":"https:\/\/api.w.org\/{rel}","templated":true}]}}