{"id":12528,"date":"2026-02-23T10:40:46","date_gmt":"2026-02-23T09:40:46","guid":{"rendered":"https:\/\/new-vintages.de\/shop\/produkt\/open-chestnut-media-unit\/"},"modified":"2026-02-23T11:43:23","modified_gmt":"2026-02-23T10:43:23","slug":"open-chestnut-media-unit","status":"publish","type":"product","link":"https:\/\/new-vintages.de\/shop\/produkt\/open-chestnut-media-unit\/","title":{"rendered":"Offenes Mediam\u00f6bel aus Kastanienholz"},"content":{"rendered":"<p>Dieses Mediam\u00f6bel besticht durch sein schlichtes und klares Design. Es verf\u00fcgt \u00fcber vier konische Beine und einen Korpus aus 100 % massivem Mangoholz. Das schlichte M\u00f6belst\u00fcck bietet ein offenes Fach zur Aufbewahrung von B\u00fcchern oder Zeitschriften. Dank seines unaufdringlichen Designs passt es perfekt zu jedem Einrichtungsstil.<\/p>\n","protected":false},"excerpt":{"rendered":"<p>Dieses Mediam\u00f6bel besticht durch sein schlichtes und klares Design. Es verf\u00fcgt \u00fcber vier konische Beine und einen Korpus aus 100 % massivem Mangoholz. Das schlichte M\u00f6belst\u00fcck bietet ein offenes Fach zur Aufbewahrung von B\u00fcchern oder Zeitschriften. Dank seines unaufdringlichen Designs passt es perfekt zu jedem Einrichtungsstil.<\/p>\n","protected":false},"featured_media":10754,"comment_status":"closed","ping_status":"open","template":"","meta":[],"product_brand":[],"product_cat":[151],"product_tag":[],"class_list":{"0":"post-12528","1":"product","2":"type-product","3":"status-publish","4":"has-post-thumbnail","6":"product_cat-einzelanfertigung","8":"first","9":"instock","10":"shipping-taxable","11":"purchasable","12":"product-type-simple"},"_links":{"self":[{"href":"https:\/\/new-vintages.de\/shop\/wp-json\/wp\/v2\/product\/12528","targetHints":{"allow":["GET"]}}],"collection":[{"href":"https:\/\/new-vintages.de\/shop\/wp-json\/wp\/v2\/product"}],"about":[{"href":"https:\/\/new-vintages.de\/shop\/wp-json\/wp\/v2\/types\/product"}],"replies":[{"embeddable":true,"href":"https:\/\/new-vintages.de\/shop\/wp-json\/wp\/v2\/comments?post=12528"}],"wp:featuredmedia":[{"embeddable":true,"href":"https:\/\/new-vintages.de\/shop\/wp-json\/wp\/v2\/media\/10754"}],"wp:attachment":[{"href":"https:\/\/new-vintages.de\/shop\/wp-json\/wp\/v2\/media?parent=12528"}],"wp:term":[{"taxonomy":"product_brand","embeddable":true,"href":"https:\/\/new-vintages.de\/shop\/wp-json\/wp\/v2\/product_brand?post=12528"},{"taxonomy":"product_cat","embeddable":true,"href":"https:\/\/new-vintages.de\/shop\/wp-json\/wp\/v2\/product_cat?post=12528"},{"taxonomy":"product_tag","embeddable":true,"href":"https:\/\/new-vintages.de\/shop\/wp-json\/wp\/v2\/product_tag?post=12528"}],"curies":[{"name":"wp","href":"https:\/\/api.w.org\/{rel}","templated":true}]}}