{"id":12530,"date":"2026-02-23T10:40:46","date_gmt":"2026-02-23T09:40:46","guid":{"rendered":"https:\/\/new-vintages.de\/shop\/produkt\/mini-chesnut-wave-coffee-table\/"},"modified":"2026-02-23T11:57:37","modified_gmt":"2026-02-23T10:57:37","slug":"mini-chesnut-wave-coffee-table","status":"publish","type":"product","link":"https:\/\/new-vintages.de\/shop\/produkt\/mini-chesnut-wave-coffee-table\/","title":{"rendered":"Mini-Couchtisch \u201eChesnut Wave\u201c"},"content":{"rendered":"<p>Dieser Mini-Couchtisch besticht durch sein einzigartiges Design mit abgerundeten Kanten. Er verf\u00fcgt \u00fcber ein offenes Fach und eine Schublade mit gl\u00e4nzendem Knauf sowie Beine im nordischen Stil. Eine tolle, schlichte Erg\u00e4nzung f\u00fcr jedes Schlafzimmer. Dieses Produkt ist Teil der Recession Collection.<\/p>\n","protected":false},"excerpt":{"rendered":"<p>Dieser Mini-Couchtisch besticht durch sein einzigartiges Design mit abgerundeten Kanten. Er verf\u00fcgt \u00fcber ein offenes Fach und eine Schublade mit gl\u00e4nzendem Knauf sowie Beine im nordischen Stil. Eine tolle, schlichte Erg\u00e4nzung f\u00fcr jedes Schlafzimmer. Dieses Produkt ist Teil der Recession Collection.<\/p>\n","protected":false},"featured_media":10769,"comment_status":"closed","ping_status":"open","template":"","meta":[],"product_brand":[],"product_cat":[151],"product_tag":[],"class_list":{"0":"post-12530","1":"product","2":"type-product","3":"status-publish","4":"has-post-thumbnail","6":"product_cat-einzelanfertigung","8":"first","9":"instock","10":"shipping-taxable","11":"purchasable","12":"product-type-simple"},"_links":{"self":[{"href":"https:\/\/new-vintages.de\/shop\/wp-json\/wp\/v2\/product\/12530","targetHints":{"allow":["GET"]}}],"collection":[{"href":"https:\/\/new-vintages.de\/shop\/wp-json\/wp\/v2\/product"}],"about":[{"href":"https:\/\/new-vintages.de\/shop\/wp-json\/wp\/v2\/types\/product"}],"replies":[{"embeddable":true,"href":"https:\/\/new-vintages.de\/shop\/wp-json\/wp\/v2\/comments?post=12530"}],"wp:featuredmedia":[{"embeddable":true,"href":"https:\/\/new-vintages.de\/shop\/wp-json\/wp\/v2\/media\/10769"}],"wp:attachment":[{"href":"https:\/\/new-vintages.de\/shop\/wp-json\/wp\/v2\/media?parent=12530"}],"wp:term":[{"taxonomy":"product_brand","embeddable":true,"href":"https:\/\/new-vintages.de\/shop\/wp-json\/wp\/v2\/product_brand?post=12530"},{"taxonomy":"product_cat","embeddable":true,"href":"https:\/\/new-vintages.de\/shop\/wp-json\/wp\/v2\/product_cat?post=12530"},{"taxonomy":"product_tag","embeddable":true,"href":"https:\/\/new-vintages.de\/shop\/wp-json\/wp\/v2\/product_tag?post=12530"}],"curies":[{"name":"wp","href":"https:\/\/api.w.org\/{rel}","templated":true}]}}