{"id":12534,"date":"2026-02-23T10:41:04","date_gmt":"2026-02-23T09:41:04","guid":{"rendered":"https:\/\/new-vintages.de\/shop\/produkt\/mini-2-drawer-oak-ish-bedside\/"},"modified":"2026-02-23T11:57:51","modified_gmt":"2026-02-23T10:57:51","slug":"mini-2-drawer-oak-ish-bedside","status":"publish","type":"product","link":"https:\/\/new-vintages.de\/shop\/produkt\/mini-2-drawer-oak-ish-bedside\/","title":{"rendered":"Mini-Nachttisch mit 2 Schubladen, eichenfarben"},"content":{"rendered":"<p>Dieser formsch\u00f6ne Nachttisch ist aus 100 % massivem Mangoholz gefertigt und besticht durch seine edle Eichenoptik. Zwei kleine Schubladen verleihen ihm zus\u00e4tzlichen Charakter und Tiefe. Die vier Beine im skandinavischen Stil bringen einen modernen Touch in Ihr Zuhause. Dank seiner kompakten Gr\u00f6\u00dfe passt er in jede Wohnung und l\u00e4sst sich auch in kleinen Nischen platzsparend aufstellen.<\/p>\n","protected":false},"excerpt":{"rendered":"<p>Dieser formsch\u00f6ne Nachttisch ist aus 100 % massivem Mangoholz gefertigt und besticht durch seine edle Eichenoptik. Zwei kleine Schubladen verleihen ihm zus\u00e4tzlichen Charakter und Tiefe. Die vier Beine im skandinavischen Stil bringen einen modernen Touch in Ihr Zuhause. Dank seiner kompakten Gr\u00f6\u00dfe passt er in jede Wohnung und l\u00e4sst sich auch in kleinen Nischen platzsparend [&hellip;]<\/p>\n","protected":false},"featured_media":10797,"comment_status":"closed","ping_status":"open","template":"","meta":[],"product_brand":[],"product_cat":[151],"product_tag":[],"class_list":{"0":"post-12534","1":"product","2":"type-product","3":"status-publish","4":"has-post-thumbnail","6":"product_cat-einzelanfertigung","8":"first","9":"instock","10":"shipping-taxable","11":"purchasable","12":"product-type-simple"},"_links":{"self":[{"href":"https:\/\/new-vintages.de\/shop\/wp-json\/wp\/v2\/product\/12534","targetHints":{"allow":["GET"]}}],"collection":[{"href":"https:\/\/new-vintages.de\/shop\/wp-json\/wp\/v2\/product"}],"about":[{"href":"https:\/\/new-vintages.de\/shop\/wp-json\/wp\/v2\/types\/product"}],"replies":[{"embeddable":true,"href":"https:\/\/new-vintages.de\/shop\/wp-json\/wp\/v2\/comments?post=12534"}],"wp:featuredmedia":[{"embeddable":true,"href":"https:\/\/new-vintages.de\/shop\/wp-json\/wp\/v2\/media\/10797"}],"wp:attachment":[{"href":"https:\/\/new-vintages.de\/shop\/wp-json\/wp\/v2\/media?parent=12534"}],"wp:term":[{"taxonomy":"product_brand","embeddable":true,"href":"https:\/\/new-vintages.de\/shop\/wp-json\/wp\/v2\/product_brand?post=12534"},{"taxonomy":"product_cat","embeddable":true,"href":"https:\/\/new-vintages.de\/shop\/wp-json\/wp\/v2\/product_cat?post=12534"},{"taxonomy":"product_tag","embeddable":true,"href":"https:\/\/new-vintages.de\/shop\/wp-json\/wp\/v2\/product_tag?post=12534"}],"curies":[{"name":"wp","href":"https:\/\/api.w.org\/{rel}","templated":true}]}}