{"id":12537,"date":"2026-02-23T10:41:07","date_gmt":"2026-02-23T09:41:07","guid":{"rendered":"https:\/\/new-vintages.de\/shop\/produkt\/amaya-coffee-table\/"},"modified":"2026-02-23T11:57:52","modified_gmt":"2026-02-23T10:57:52","slug":"amaya-coffee-table","status":"publish","type":"product","link":"https:\/\/new-vintages.de\/shop\/produkt\/amaya-coffee-table\/","title":{"rendered":"Amaya Couchtisch"},"content":{"rendered":"<p>Entdecken Sie unsere Amaya-Serie mit diesem wundersch\u00f6nen Couchtisch. Er ist aus 100 % massivem Mangoholz gefertigt, hat eine kastanienbraune Oberfl\u00e4che und sanft abgerundete Kanten. Dadurch verleiht er Ihrem Zuhause ein modernes Flair und ist gleichzeitig sicher f\u00fcr kleine Kinder und Haustiere. Pr\u00e4sentieren Sie dieses Schmuckst\u00fcck stilvoll in Ihrem Zuhause und lassen Sie die nat\u00fcrliche Maserung des Holzes besonders gut zur Geltung kommen.<\/p>\n","protected":false},"excerpt":{"rendered":"<p>Entdecken Sie unsere Amaya-Serie mit diesem wundersch\u00f6nen Couchtisch. Er ist aus 100 % massivem Mangoholz gefertigt, hat eine kastanienbraune Oberfl\u00e4che und sanft abgerundete Kanten. Dadurch verleiht er Ihrem Zuhause ein modernes Flair und ist gleichzeitig sicher f\u00fcr kleine Kinder und Haustiere. Pr\u00e4sentieren Sie dieses Schmuckst\u00fcck stilvoll in Ihrem Zuhause und lassen Sie die nat\u00fcrliche Maserung [&hellip;]<\/p>\n","protected":false},"featured_media":10827,"comment_status":"closed","ping_status":"open","template":"","meta":[],"product_brand":[],"product_cat":[151],"product_tag":[],"class_list":{"0":"post-12537","1":"product","2":"type-product","3":"status-publish","4":"has-post-thumbnail","6":"product_cat-einzelanfertigung","8":"first","9":"instock","10":"shipping-taxable","11":"purchasable","12":"product-type-simple"},"_links":{"self":[{"href":"https:\/\/new-vintages.de\/shop\/wp-json\/wp\/v2\/product\/12537","targetHints":{"allow":["GET"]}}],"collection":[{"href":"https:\/\/new-vintages.de\/shop\/wp-json\/wp\/v2\/product"}],"about":[{"href":"https:\/\/new-vintages.de\/shop\/wp-json\/wp\/v2\/types\/product"}],"replies":[{"embeddable":true,"href":"https:\/\/new-vintages.de\/shop\/wp-json\/wp\/v2\/comments?post=12537"}],"wp:featuredmedia":[{"embeddable":true,"href":"https:\/\/new-vintages.de\/shop\/wp-json\/wp\/v2\/media\/10827"}],"wp:attachment":[{"href":"https:\/\/new-vintages.de\/shop\/wp-json\/wp\/v2\/media?parent=12537"}],"wp:term":[{"taxonomy":"product_brand","embeddable":true,"href":"https:\/\/new-vintages.de\/shop\/wp-json\/wp\/v2\/product_brand?post=12537"},{"taxonomy":"product_cat","embeddable":true,"href":"https:\/\/new-vintages.de\/shop\/wp-json\/wp\/v2\/product_cat?post=12537"},{"taxonomy":"product_tag","embeddable":true,"href":"https:\/\/new-vintages.de\/shop\/wp-json\/wp\/v2\/product_tag?post=12537"}],"curies":[{"name":"wp","href":"https:\/\/api.w.org\/{rel}","templated":true}]}}