{"id":15395,"date":"2026-02-23T10:41:13","date_gmt":"2026-02-23T09:41:13","guid":{"rendered":"https:\/\/new-vintages.de\/shop\/produkt\/edessa-bone-inlay-bedside\/"},"modified":"2026-02-23T11:57:56","modified_gmt":"2026-02-23T10:57:56","slug":"edessa-bone-inlay-bedside","status":"publish","type":"product","link":"https:\/\/new-vintages.de\/shop\/produkt\/edessa-bone-inlay-bedside\/","title":{"rendered":"Edessa-Bettseite mit Knocheneinlage"},"content":{"rendered":"<p>Dieser wundersch\u00f6ne, im Boho-Stil gehaltene Nachttisch ist aus 100 % massivem Mangoholz gefertigt und hat eine edle, eichen\u00e4hnliche Oberfl\u00e4che. Zu den weiteren Merkmalen geh\u00f6ren Schubladenfronten mit Knocheneinlage und Beine im nordischen Stil. Die Knocheneinlage stammt aus verantwortungsvoller Haltung und wird von verstorbenen Tieren wie Kamelen, Ziegen und B\u00fcffeln gewonnen.<\/p>\n","protected":false},"excerpt":{"rendered":"<p>Dieser wundersch\u00f6ne, im Boho-Stil gehaltene Nachttisch ist aus 100 % massivem Mangoholz gefertigt und hat eine edle, eichen\u00e4hnliche Oberfl\u00e4che. Zu den weiteren Merkmalen geh\u00f6ren Schubladenfronten mit Knocheneinlage und Beine im nordischen Stil. Die Knocheneinlage stammt aus verantwortungsvoller Haltung und wird von verstorbenen Tieren wie Kamelen, Ziegen und B\u00fcffeln gewonnen.<\/p>\n","protected":false},"featured_media":8367,"comment_status":"closed","ping_status":"open","template":"","meta":[],"product_brand":[],"product_cat":[151],"product_tag":[],"class_list":{"0":"post-15395","1":"product","2":"type-product","3":"status-publish","4":"has-post-thumbnail","6":"product_cat-einzelanfertigung","8":"first","9":"instock","10":"shipping-taxable","11":"purchasable","12":"product-type-simple"},"_links":{"self":[{"href":"https:\/\/new-vintages.de\/shop\/wp-json\/wp\/v2\/product\/15395","targetHints":{"allow":["GET"]}}],"collection":[{"href":"https:\/\/new-vintages.de\/shop\/wp-json\/wp\/v2\/product"}],"about":[{"href":"https:\/\/new-vintages.de\/shop\/wp-json\/wp\/v2\/types\/product"}],"replies":[{"embeddable":true,"href":"https:\/\/new-vintages.de\/shop\/wp-json\/wp\/v2\/comments?post=15395"}],"wp:featuredmedia":[{"embeddable":true,"href":"https:\/\/new-vintages.de\/shop\/wp-json\/wp\/v2\/media\/8367"}],"wp:attachment":[{"href":"https:\/\/new-vintages.de\/shop\/wp-json\/wp\/v2\/media?parent=15395"}],"wp:term":[{"taxonomy":"product_brand","embeddable":true,"href":"https:\/\/new-vintages.de\/shop\/wp-json\/wp\/v2\/product_brand?post=15395"},{"taxonomy":"product_cat","embeddable":true,"href":"https:\/\/new-vintages.de\/shop\/wp-json\/wp\/v2\/product_cat?post=15395"},{"taxonomy":"product_tag","embeddable":true,"href":"https:\/\/new-vintages.de\/shop\/wp-json\/wp\/v2\/product_tag?post=15395"}],"curies":[{"name":"wp","href":"https:\/\/api.w.org\/{rel}","templated":true}]}}